{"id":212,"date":"2017-03-13T16:56:19","date_gmt":"2017-03-13T15:56:19","guid":{"rendered":"http:\/\/www.biennale.ch\/?page_id=212\/"},"modified":"2025-08-21T16:10:45","modified_gmt":"2025-08-21T14:10:45","slug":"inscription","status":"publish","type":"page","link":"https:\/\/www.biennale.ch\/en\/inscription\/","title":{"rendered":"Registration"},"content":{"rendered":"<p>Registration formular 2027<\/p>\n<p>Please full fill this formular and send it back to us before March 31. 2027<\/p>\n<div class=\"frm_forms  with_frm_style frm_style_style-formidable\" id=\"frm_form_6_container\" >\n<form enctype=\"multipart\/form-data\" method=\"post\" class=\"frm-show-form  frm_pro_form \" id=\"form_mqqx12\" >\n<div class=\"frm_form_fields \">\n<fieldset>\n<legend class=\"frm_hidden\">Artist registration (ANGLAIS)<\/legend>\r\n\r\n<div class=\"frm_fields_container\">\n<input type=\"hidden\" name=\"frm_action\" value=\"create\" \/>\n<input type=\"hidden\" name=\"form_id\" value=\"6\" \/>\n<input type=\"hidden\" name=\"frm_hide_fields_6\" id=\"frm_hide_fields_6\" value=\"\" \/>\n<input type=\"hidden\" name=\"form_key\" value=\"mqqx12\" \/>\n<input type=\"hidden\" name=\"item_meta[0]\" value=\"\" \/>\n<input type=\"hidden\" id=\"frm_submit_entry_6\" name=\"frm_submit_entry_6\" value=\"eba5e855a4\" \/><input type=\"hidden\" name=\"_wp_http_referer\" value=\"\/en\/wp-json\/wp\/v2\/pages\/212\" \/><div id=\"frm_field_101_container\" class=\"frm_form_field  frm_html_container form-field\">\n<h3>I. Informations sur l'artiste<\/h3>\n<\/div>\n<div id=\"frm_field_102_container\" class=\"frm_form_field form-field  frm_required_field frm_top_container frm_first frm_half\">\r\n    <label for=\"field_kwm562\" class=\"frm_primary_label\">Name\r\n        <span class=\"frm_required\">*<\/span>\r\n    <\/label>\r\n    <input  type=\"text\" id=\"field_kwm562\" name=\"item_meta[102]\" value=\"\"  data-reqmsg=\"Ce champ ne peut pas \u00eatre vide\" aria-required=\"true\" data-invmsg=\"Name is invalid\" aria-invalid=\"false\"   \/>\r\n    \r\n    \r\n<\/div>\n<div id=\"frm_field_103_container\" class=\"frm_form_field form-field  frm_required_field frm_top_container frm_half\">\r\n    <label for=\"field_5f0qo2\" class=\"frm_primary_label\">Firstname\r\n        <span class=\"frm_required\">*<\/span>\r\n    <\/label>\r\n    <input  type=\"text\" id=\"field_5f0qo2\" name=\"item_meta[103]\" value=\"\"  data-reqmsg=\"Ce champ ne peut pas \u00eatre vide\" aria-required=\"true\" data-invmsg=\"Firstname is invalid\" aria-invalid=\"false\"   \/>\r\n    \r\n    \r\n<\/div>\n<div id=\"frm_field_104_container\" class=\"frm_form_field form-field  frm_top_container\">\r\n    <label for=\"field_ojurc2\" class=\"frm_primary_label\">Job\r\n        <span class=\"frm_required\"><\/span>\r\n    <\/label>\r\n    <input  type=\"text\" id=\"field_ojurc2\" name=\"item_meta[104]\" value=\"\"  data-invmsg=\"Job is invalid\" aria-invalid=\"false\"   \/>\r\n    \r\n    \r\n<\/div>\n<div id=\"frm_field_105_container\" class=\"frm_form_field form-field  frm_required_field frm_top_container\">\r\n    <label for=\"field_rp1le2\" class=\"frm_primary_label\">Address\r\n        <span class=\"frm_required\">*<\/span>\r\n    <\/label>\r\n    <input  type=\"text\" id=\"field_rp1le2\" name=\"item_meta[105]\" value=\"\"  data-reqmsg=\"Ce champ ne peut pas \u00eatre vide\" aria-required=\"true\" data-invmsg=\"Address is invalid\" aria-invalid=\"false\"   \/>\r\n    \r\n    \r\n<\/div>\n<div id=\"frm_field_106_container\" class=\"frm_form_field form-field  frm_required_field frm_top_container frm_first frm_fourth\">\r\n    <label for=\"field_wvsm42\" class=\"frm_primary_label\">NIP\r\n        <span class=\"frm_required\">*<\/span>\r\n    <\/label>\r\n    <input  type=\"text\" id=\"field_wvsm42\" name=\"item_meta[106]\" value=\"\"  data-reqmsg=\"Ce champ ne peut pas \u00eatre vide\" aria-required=\"true\" data-invmsg=\"NIP is invalid\" aria-invalid=\"false\"   \/>\r\n    \r\n    \r\n<\/div>\n<div id=\"frm_field_107_container\" class=\"frm_form_field form-field  frm_required_field frm_top_container frm_three_fourths\">\r\n    <label for=\"field_hkzch2\" class=\"frm_primary_label\">Town\r\n        <span class=\"frm_required\">*<\/span>\r\n    <\/label>\r\n    <input  type=\"text\" id=\"field_hkzch2\" name=\"item_meta[107]\" value=\"\"  data-reqmsg=\"Ce champ ne peut pas \u00eatre vide\" aria-required=\"true\" data-invmsg=\"Town is invalid\" aria-invalid=\"false\"   \/>\r\n    \r\n    \r\n<\/div>\n<div id=\"frm_field_136_container\" class=\"frm_form_field form-field  frm_required_field frm_top_container\">\r\n    <label for=\"field_dw1fs\" class=\"frm_primary_label\">Country\r\n        <span class=\"frm_required\">*<\/span>\r\n    <\/label>\r\n    <input  type=\"text\" id=\"field_dw1fs\" name=\"item_meta[136]\" value=\"\"  data-reqmsg=\"Ce champ ne peut pas \u00eatre vide\" aria-required=\"true\" data-invmsg=\"Country is invalid\" aria-invalid=\"false\"   \/>\r\n    \r\n    \r\n<\/div>\n<div id=\"frm_field_109_container\" class=\"frm_form_field form-field  frm_required_field frm_top_container\">\r\n    <label for=\"field_g75vj2\" class=\"frm_primary_label\">Telephone\r\n        <span class=\"frm_required\">*<\/span>\r\n    <\/label>\r\n    <input  type=\"text\" id=\"field_g75vj2\" name=\"item_meta[109]\" value=\"\"  data-reqmsg=\"Ce champ ne peut pas \u00eatre vide\" aria-required=\"true\" data-invmsg=\"Telephone is invalid\" aria-invalid=\"false\"   \/>\r\n    \r\n    \r\n<\/div>\n<div id=\"frm_field_110_container\" class=\"frm_form_field form-field  frm_top_container\">\r\n    <label for=\"field_3i6o92\" class=\"frm_primary_label\">Mobile\r\n        <span class=\"frm_required\"><\/span>\r\n    <\/label>\r\n    <input  type=\"text\" id=\"field_3i6o92\" name=\"item_meta[110]\" value=\"\"  data-invmsg=\"Mobile is invalid\" aria-invalid=\"false\"   \/>\r\n    \r\n    \r\n<\/div>\n<div id=\"frm_field_111_container\" class=\"frm_form_field form-field  frm_top_container\">\r\n    <label for=\"field_9jv4b2\" class=\"frm_primary_label\">Fax\r\n        <span class=\"frm_required\"><\/span>\r\n    <\/label>\r\n    <input  type=\"text\" id=\"field_9jv4b2\" name=\"item_meta[111]\" value=\"\"  data-invmsg=\"Fax is invalid\" aria-invalid=\"false\"   \/>\r\n    \r\n    \r\n<\/div>\n<div id=\"frm_field_112_container\" class=\"frm_form_field form-field  frm_required_field frm_top_container frm_first frm_half\">\r\n    <label for=\"field_lsh5l2\" class=\"frm_primary_label\">E-mail\r\n        <span class=\"frm_required\">*<\/span>\r\n    <\/label>\r\n    <input type=\"email\" id=\"field_lsh5l2\" name=\"item_meta[112]\" value=\"\"  data-reqmsg=\"Ce champ ne peut pas \u00eatre vide\" aria-required=\"true\" data-invmsg=\"Adresse email est non valide\" aria-invalid=\"false\"   aria-describedby=\"frm_desc_field_lsh5l2\"\/>\r\n    <div id=\"frm_desc_field_lsh5l2\" class=\"frm_description\">Enter your E mail address<\/div>\r\n    \r\n<\/div>\n<div id=\"frm_field_conf_112_container\" class=\"frm_form_field frm_hidden_container frm_conf_field form-field  frm_required_field frm_top_container  frm6\">\r\n    <label for=\"field_conf_lsh5l2\" class=\"frm_conf_label frm_primary_label\">Confirm E-mail\r\n        <span class=\"frm_required\">*<\/span>\r\n    <\/label>\r\n    <input type=\"email\" id=\"field_conf_lsh5l2\" name=\"item_meta[conf_112]\" value=\"\"  data-reqmsg=\"Ce champ ne peut pas \u00eatre vide\" aria-required=\"true\" data-confmsg=\"Les valeurs saisies ne correspondent pas\" data-invmsg=\"Adresse email est non valide\" aria-invalid=\"false\"   aria-describedby=\"frm_desc_field_conf_lsh5l2\"\/>\r\n    <div id=\"frm_desc_field_conf_lsh5l2\" class=\"frm_description\">Confirm your E mail address<\/div>\r\n    \r\n<\/div>\n<div id=\"frm_field_113_container\" class=\"frm_form_field form-field  frm_top_container\">\r\n    <label for=\"field_h65612\" class=\"frm_primary_label\">Web site\/URL\r\n        <span class=\"frm_required\"><\/span>\r\n    <\/label>\r\n    <input type=\"url\" id=\"field_h65612\" name=\"item_meta[113]\" value=\"\"  data-invmsg=\"Site Web\/URL est non valide\" aria-invalid=\"false\"  \/>\r\n    \r\n    \r\n<\/div>\n<div id=\"frm_field_114_container\" class=\"frm_form_field form-field  frm_required_field frm_top_container\">\r\n    <label for=\"field_iyb6c2\" class=\"frm_primary_label\">Birthday\r\n        <span class=\"frm_required\">*<\/span>\r\n    <\/label>\r\n    <input  type=\"text\" id=\"field_iyb6c2\" name=\"item_meta[114]\" value=\"\"  data-reqmsg=\"Ce champ ne peut pas \u00eatre vide\" aria-required=\"true\" data-invmsg=\"Birthday is invalid\" aria-invalid=\"false\"   \/>\r\n    \r\n    \r\n<\/div>\n<div id=\"frm_field_115_container\" class=\"frm_form_field form-field  frm_required_field frm_top_container\">\r\n    <label for=\"field_sa7td2\" class=\"frm_primary_label\">Education\r\n        <span class=\"frm_required\">*<\/span>\r\n    <\/label>\r\n    <textarea name=\"item_meta[115]\" id=\"field_sa7td2\" rows=\"3\"  data-reqmsg=\"Ce champ ne peut pas \u00eatre vide\" aria-required=\"true\" data-invmsg=\"Education is invalid\" aria-invalid=\"false\"  ><\/textarea>\r\n    \r\n    \r\n<\/div>\n<div id=\"frm_field_116_container\" class=\"frm_form_field form-field  frm_top_container\">\r\n    <label for=\"field_rko4k2\" class=\"frm_primary_label\">Continuing training\r\n        <span class=\"frm_required\"><\/span>\r\n    <\/label>\r\n    <textarea name=\"item_meta[116]\" id=\"field_rko4k2\" rows=\"3\"  data-invmsg=\"Continuing training is invalid\" aria-invalid=\"false\"  ><\/textarea>\r\n    \r\n    \r\n<\/div>\n<div id=\"frm_field_117_container\" class=\"frm_form_field form-field  frm_top_container\">\r\n    <label for=\"field_t9hhb2\" class=\"frm_primary_label\">Experiences\r\n        <span class=\"frm_required\"><\/span>\r\n    <\/label>\r\n    <textarea name=\"item_meta[117]\" id=\"field_t9hhb2\" rows=\"3\"  data-invmsg=\"Experiences is invalid\" aria-invalid=\"false\"  ><\/textarea>\r\n    \r\n    \r\n<\/div>\n<div id=\"frm_field_118_container\" class=\"frm_form_field form-field  frm_top_container\">\r\n    <label for=\"field_zvjs92\" class=\"frm_primary_label\">Exhibition \/ Contest\r\n        <span class=\"frm_required\"><\/span>\r\n    <\/label>\r\n    <textarea name=\"item_meta[118]\" id=\"field_zvjs92\" rows=\"3\"  data-invmsg=\"Exhibition \/ Contest is invalid\" aria-invalid=\"false\"  ><\/textarea>\r\n    \r\n    \r\n<\/div>\n<div id=\"frm_field_119_container\" class=\"frm_form_field form-field  frm_top_container\">\r\n    <label for=\"field_7anf02\" class=\"frm_primary_label\">Distinctions and rewards\r\n        <span class=\"frm_required\"><\/span>\r\n    <\/label>\r\n    <textarea name=\"item_meta[119]\" id=\"field_7anf02\" rows=\"3\"  data-invmsg=\"Distinctions and rewards is invalid\" aria-invalid=\"false\"  ><\/textarea>\r\n    \r\n    \r\n<\/div>\n<div id=\"frm_field_120_container\" class=\"frm_form_field form-field  frm_top_container\">\r\n    <label for=\"field_lfs782\" class=\"frm_primary_label\">Artistic experience\r\n        <span class=\"frm_required\"><\/span>\r\n    <\/label>\r\n    <textarea name=\"item_meta[120]\" id=\"field_lfs782\" rows=\"3\"  data-invmsg=\"Artistic experience is invalid\" aria-invalid=\"false\"  ><\/textarea>\r\n    \r\n    \r\n<\/div>\n<div id=\"frm_field_121_container\" class=\"frm_form_field form-field  frm_top_container\">\r\n    <label for=\"field_25d682\" class=\"frm_primary_label\">Your vision of art\r\n        <span class=\"frm_required\"><\/span>\r\n    <\/label>\r\n    <textarea name=\"item_meta[121]\" id=\"field_25d682\" rows=\"3\"  data-invmsg=\"Your vision of art is invalid\" aria-invalid=\"false\"  ><\/textarea>\r\n    \r\n    \r\n<\/div>\n<div id=\"frm_field_122_container\" class=\"frm_form_field  frm_html_container form-field\">\n<h3>II. Projet<\/h3>\n<\/div>\n<div id=\"frm_field_123_container\" class=\"frm_form_field form-field  frm_required_field frm_top_container\">\r\n    <label for=\"field_syl5o2\" class=\"frm_primary_label\">Name of the artwork\r\n        <span class=\"frm_required\">*<\/span>\r\n    <\/label>\r\n    <input  type=\"text\" id=\"field_syl5o2\" name=\"item_meta[123]\" value=\"\"  data-reqmsg=\"Ce champ ne peut pas \u00eatre vide\" aria-required=\"true\" data-invmsg=\"Name of the artwork is invalid\" aria-invalid=\"false\"   \/>\r\n    \r\n    \r\n<\/div>\n<div id=\"frm_field_124_container\" class=\"frm_form_field form-field  frm_required_field frm_top_container\">\r\n    <label for=\"field_77ppn2\" class=\"frm_primary_label\">High (min. 2.50m)\r\n        <span class=\"frm_required\">*<\/span>\r\n    <\/label>\r\n    <input  type=\"text\" id=\"field_77ppn2\" name=\"item_meta[124]\" value=\"\"  data-reqmsg=\"Ce champ ne peut pas \u00eatre vide\" aria-required=\"true\" data-invmsg=\"High (min. 2.50m) is invalid\" aria-invalid=\"false\"   \/>\r\n    \r\n    \r\n<\/div>\n<div id=\"frm_field_125_container\" class=\"frm_form_field form-field  frm_required_field frm_top_container\">\r\n    <label for=\"field_xdpow2\" class=\"frm_primary_label\">Width \/ circumference \/ diameter\r\n        <span class=\"frm_required\">*<\/span>\r\n    <\/label>\r\n    <input  type=\"text\" id=\"field_xdpow2\" name=\"item_meta[125]\" value=\"\"  data-reqmsg=\"Ce champ ne peut pas \u00eatre vide\" aria-required=\"true\" data-invmsg=\"Width \/ circumference \/ diameter is invalid\" aria-invalid=\"false\"   \/>\r\n    \r\n    \r\n<\/div>\n<div id=\"frm_field_126_container\" class=\"frm_form_field form-field  frm_required_field frm_top_container\">\r\n    <label for=\"field_ljdkb2\" class=\"frm_primary_label\">Length\r\n        <span class=\"frm_required\">*<\/span>\r\n    <\/label>\r\n    <input  type=\"text\" id=\"field_ljdkb2\" name=\"item_meta[126]\" value=\"\"  data-reqmsg=\"Ce champ ne peut pas \u00eatre vide\" aria-required=\"true\" data-invmsg=\"Length is invalid\" aria-invalid=\"false\"   \/>\r\n    \r\n    \r\n<\/div>\n<div id=\"frm_field_127_container\" class=\"frm_form_field form-field  frm_required_field frm_top_container\">\r\n    <label for=\"field_xzxvg2\" class=\"frm_primary_label\">Weight (kg)\r\n        <span class=\"frm_required\">*<\/span>\r\n    <\/label>\r\n    <input  type=\"text\" id=\"field_xzxvg2\" name=\"item_meta[127]\" value=\"\"  data-reqmsg=\"Ce champ ne peut pas \u00eatre vide\" aria-required=\"true\" data-invmsg=\"Weight (kg) is invalid\" aria-invalid=\"false\"   \/>\r\n    \r\n    \r\n<\/div>\n<div id=\"frm_field_128_container\" class=\"frm_form_field form-field  frm_required_field frm_top_container\">\r\n    <label for=\"field_7uybz2\" class=\"frm_primary_label\">Creation date\r\n        <span class=\"frm_required\">*<\/span>\r\n    <\/label>\r\n    <input  type=\"text\" id=\"field_7uybz2\" name=\"item_meta[128]\" value=\"\"  data-reqmsg=\"Ce champ ne peut pas \u00eatre vide\" aria-required=\"true\" data-invmsg=\"Creation date is invalid\" aria-invalid=\"false\"   \/>\r\n    \r\n    \r\n<\/div>\n<div id=\"frm_field_129_container\" class=\"frm_form_field form-field  frm_required_field frm_top_container\">\r\n    <label for=\"field_yl2ls2\" class=\"frm_primary_label\">Artistic arguments\r\n        <span class=\"frm_required\">*<\/span>\r\n    <\/label>\r\n    <textarea name=\"item_meta[129]\" id=\"field_yl2ls2\" rows=\"3\"  data-reqmsg=\"Ce champ ne peut pas \u00eatre vide\" aria-required=\"true\" data-invmsg=\"Artistic arguments is invalid\" aria-invalid=\"false\"  ><\/textarea>\r\n    \r\n    \r\n<\/div>\n<div id=\"frm_field_130_container\" class=\"frm_form_field form-field  frm_required_field frm_top_container\">\r\n    <label for=\"field_s7z1x2\" class=\"frm_primary_label\">Description (technic, used materials,..)\r\n        <span class=\"frm_required\">*<\/span>\r\n    <\/label>\r\n    <textarea name=\"item_meta[130]\" id=\"field_s7z1x2\" rows=\"3\"  data-reqmsg=\"Ce champ ne peut pas \u00eatre vide\" aria-required=\"true\" data-invmsg=\"Description (technic, esthetic, symbolic,..) est non valide\" aria-invalid=\"false\"  ><\/textarea>\r\n    \r\n    \r\n<\/div>\n<div id=\"frm_field_131_container\" class=\"frm_form_field form-field  frm_top_container\">\r\n    <label for=\"field_o1q232\" class=\"frm_primary_label\">Difficulties encountered\r\n        <span class=\"frm_required\"><\/span>\r\n    <\/label>\r\n    <textarea name=\"item_meta[131]\" id=\"field_o1q232\" rows=\"3\"  data-invmsg=\"Difficulties encountered is invalid\" aria-invalid=\"false\"  ><\/textarea>\r\n    \r\n    \r\n<\/div>\n<div id=\"frm_field_132_container\" class=\"frm_form_field form-field  frm_top_container\">\r\n    <label for=\"field_6mgax2\" class=\"frm_primary_label\">Remarks\r\n        <span class=\"frm_required\"><\/span>\r\n    <\/label>\r\n    <textarea name=\"item_meta[132]\" id=\"field_6mgax2\" rows=\"3\"  data-invmsg=\"Remarks is invalid\" aria-invalid=\"false\"  ><\/textarea>\r\n    \r\n    \r\n<\/div>\n<div id=\"frm_field_133_container\" class=\"frm_form_field  frm_html_container form-field\">\n<h3>III. Attestation<\/h3>\n<p>I, the undersigned, certify that the information contained in this application is accurate.<\/p>\n<\/div>\n<div id=\"frm_field_134_container\" class=\"frm_form_field form-field  frm_required_field frm_top_container\">\r\n    <label for=\"field_onn7s2\" class=\"frm_primary_label\">Place, date\r\n        <span class=\"frm_required\">*<\/span>\r\n    <\/label>\r\n    <input  type=\"text\" id=\"field_onn7s2\" name=\"item_meta[134]\" value=\"\"  data-reqmsg=\"Ce champ ne peut pas \u00eatre vide\" aria-required=\"true\" data-invmsg=\"Place, date is invalid\" aria-invalid=\"false\"   \/>\r\n    \r\n    \r\n<\/div>\n<div id=\"frm_field_135_container\" class=\"frm_form_field form-field  frm_required_field frm_top_container\">\r\n    <label for=\"field_zfbgo2\" class=\"frm_primary_label\">Signature\r\n        <span class=\"frm_required\">*<\/span>\r\n    <\/label>\r\n    <input  type=\"text\" id=\"field_zfbgo2\" name=\"item_meta[135]\" value=\"\"  data-reqmsg=\"Ce champ ne peut pas \u00eatre vide\" aria-required=\"true\" data-invmsg=\"Signature is invalid\" aria-invalid=\"false\"   aria-describedby=\"frm_desc_field_zfbgo2\" \/>\r\n    <div id=\"frm_desc_field_zfbgo2\" class=\"frm_description\"> (l\u2019\u00e9criture de la signature \u00e9quivaut \u00e0 une signature manuscrite et engage l\u2019artiste de mani\u00e8re identique.)<\/div>\r\n    \r\n<\/div>\n<div id=\"frm_field_163_container\" class=\"frm_form_field form-field \">\n\t<div class=\"frm_submit\">\r\n\r\n<button class=\"frm_button_submit frm_final_submit\" type=\"submit\"   formnovalidate=\"formnovalidate\">Envoyer l&#039;inscription<\/button>\r\n\r\n<\/div>\n<\/div>\n\t<input type=\"hidden\" name=\"item_key\" value=\"\" \/>\n\t\t\t<div id=\"frm_field_172_container\">\n\t\t\t<label for=\"field_vh02e\" >\n\t\t\t\tIf you are human, leave this field blank.\t\t\t<\/label>\n\t\t\t<input  id=\"field_vh02e\" type=\"text\" class=\"frm_form_field form-field frm_verify\" name=\"item_meta[172]\" value=\"\"  \/>\n\t\t<\/div>\n\t\t<input name=\"frm_state\" type=\"hidden\" value=\"fTVuqtkGtb\/eiEz1lBdHCml0WRWuqWqVDQNr0enI46C\/OCsiWhYYo5mZofmTVPCF\" \/><\/div>\n<\/fieldset>\n<\/div>\n\n<\/form>\n<\/div>\n\n","protected":false},"excerpt":{"rendered":"<p>Registration formular 2027 Please full fill this formular and send it back to us before March 31. 2027<\/p>\n","protected":false},"author":3,"featured_media":0,"parent":0,"menu_order":6,"comment_status":"closed","ping_status":"closed","template":"","meta":{"footnotes":""},"class_list":["post-212","page","type-page","status-publish","hentry"],"yoast_head":"<!-- This site is optimized with the Yoast SEO plugin v27.4 - https:\/\/yoast.com\/product\/yoast-seo-wordpress\/ -->\n<title>Registration - Biennale de Montreux - exposition de sculptures sur le bord du Lac L\u00e9man<\/title>\n<meta name=\"robots\" content=\"index, follow, max-snippet:-1, max-image-preview:large, max-video-preview:-1\" \/>\n<link rel=\"canonical\" href=\"https:\/\/www.biennale.ch\/en\/inscription\/\" \/>\n<meta property=\"og:locale\" content=\"en_US\" \/>\n<meta property=\"og:type\" content=\"article\" \/>\n<meta property=\"og:title\" content=\"Registration - Biennale de Montreux - exposition de sculptures sur le bord du Lac L\u00e9man\" \/>\n<meta property=\"og:description\" content=\"Registration formular 2027 Please full fill this formular and send it back to us before March 31. 2027\" \/>\n<meta property=\"og:url\" content=\"https:\/\/www.biennale.ch\/en\/inscription\/\" \/>\n<meta property=\"og:site_name\" content=\"Biennale de Montreux - exposition de sculptures sur le bord du Lac L\u00e9man\" \/>\n<meta property=\"article:modified_time\" content=\"2025-08-21T14:10:45+00:00\" \/>\n<meta name=\"twitter:card\" content=\"summary_large_image\" \/>\n<meta name=\"twitter:label1\" content=\"Est. reading time\" \/>\n\t<meta name=\"twitter:data1\" content=\"1 minute\" \/>\n<script type=\"application\/ld+json\" class=\"yoast-schema-graph\">{\"@context\":\"https:\\\/\\\/schema.org\",\"@graph\":[{\"@type\":\"WebPage\",\"@id\":\"https:\\\/\\\/www.biennale.ch\\\/en\\\/inscription\\\/\",\"url\":\"https:\\\/\\\/www.biennale.ch\\\/en\\\/inscription\\\/\",\"name\":\"Registration - Biennale de Montreux - exposition de sculptures sur le bord du Lac L\u00e9man\",\"isPartOf\":{\"@id\":\"https:\\\/\\\/www.biennale.ch\\\/#website\"},\"datePublished\":\"2017-03-13T15:56:19+00:00\",\"dateModified\":\"2025-08-21T14:10:45+00:00\",\"breadcrumb\":{\"@id\":\"https:\\\/\\\/www.biennale.ch\\\/en\\\/inscription\\\/#breadcrumb\"},\"inLanguage\":\"en-US\",\"potentialAction\":[{\"@type\":\"ReadAction\",\"target\":[\"https:\\\/\\\/www.biennale.ch\\\/en\\\/inscription\\\/\"]}]},{\"@type\":\"BreadcrumbList\",\"@id\":\"https:\\\/\\\/www.biennale.ch\\\/en\\\/inscription\\\/#breadcrumb\",\"itemListElement\":[{\"@type\":\"ListItem\",\"position\":1,\"name\":\"Accueil\",\"item\":\"https:\\\/\\\/www.biennale.ch\\\/en\\\/\"},{\"@type\":\"ListItem\",\"position\":2,\"name\":\"Registration\"}]},{\"@type\":\"WebSite\",\"@id\":\"https:\\\/\\\/www.biennale.ch\\\/#website\",\"url\":\"https:\\\/\\\/www.biennale.ch\\\/\",\"name\":\"Biennale de Montreux - exposition de sculptures sur le bord du Lac L\u00e9man\",\"description\":\"\",\"potentialAction\":[{\"@type\":\"SearchAction\",\"target\":{\"@type\":\"EntryPoint\",\"urlTemplate\":\"https:\\\/\\\/www.biennale.ch\\\/?s={search_term_string}\"},\"query-input\":{\"@type\":\"PropertyValueSpecification\",\"valueRequired\":true,\"valueName\":\"search_term_string\"}}],\"inLanguage\":\"en-US\"}]}<\/script>\n<!-- \/ Yoast SEO plugin. -->","yoast_head_json":{"title":"Registration - Biennale de Montreux - exposition de sculptures sur le bord du Lac L\u00e9man","robots":{"index":"index","follow":"follow","max-snippet":"max-snippet:-1","max-image-preview":"max-image-preview:large","max-video-preview":"max-video-preview:-1"},"canonical":"https:\/\/www.biennale.ch\/en\/inscription\/","og_locale":"en_US","og_type":"article","og_title":"Registration - Biennale de Montreux - exposition de sculptures sur le bord du Lac L\u00e9man","og_description":"Registration formular 2027 Please full fill this formular and send it back to us before March 31. 2027","og_url":"https:\/\/www.biennale.ch\/en\/inscription\/","og_site_name":"Biennale de Montreux - exposition de sculptures sur le bord du Lac L\u00e9man","article_modified_time":"2025-08-21T14:10:45+00:00","twitter_card":"summary_large_image","twitter_misc":{"Est. reading time":"1 minute"},"schema":{"@context":"https:\/\/schema.org","@graph":[{"@type":"WebPage","@id":"https:\/\/www.biennale.ch\/en\/inscription\/","url":"https:\/\/www.biennale.ch\/en\/inscription\/","name":"Registration - Biennale de Montreux - exposition de sculptures sur le bord du Lac L\u00e9man","isPartOf":{"@id":"https:\/\/www.biennale.ch\/#website"},"datePublished":"2017-03-13T15:56:19+00:00","dateModified":"2025-08-21T14:10:45+00:00","breadcrumb":{"@id":"https:\/\/www.biennale.ch\/en\/inscription\/#breadcrumb"},"inLanguage":"en-US","potentialAction":[{"@type":"ReadAction","target":["https:\/\/www.biennale.ch\/en\/inscription\/"]}]},{"@type":"BreadcrumbList","@id":"https:\/\/www.biennale.ch\/en\/inscription\/#breadcrumb","itemListElement":[{"@type":"ListItem","position":1,"name":"Accueil","item":"https:\/\/www.biennale.ch\/en\/"},{"@type":"ListItem","position":2,"name":"Registration"}]},{"@type":"WebSite","@id":"https:\/\/www.biennale.ch\/#website","url":"https:\/\/www.biennale.ch\/","name":"Biennale de Montreux - exposition de sculptures sur le bord du Lac L\u00e9man","description":"","potentialAction":[{"@type":"SearchAction","target":{"@type":"EntryPoint","urlTemplate":"https:\/\/www.biennale.ch\/?s={search_term_string}"},"query-input":{"@type":"PropertyValueSpecification","valueRequired":true,"valueName":"search_term_string"}}],"inLanguage":"en-US"}]}},"_links":{"self":[{"href":"https:\/\/www.biennale.ch\/en\/wp-json\/wp\/v2\/pages\/212","targetHints":{"allow":["GET"]}}],"collection":[{"href":"https:\/\/www.biennale.ch\/en\/wp-json\/wp\/v2\/pages"}],"about":[{"href":"https:\/\/www.biennale.ch\/en\/wp-json\/wp\/v2\/types\/page"}],"author":[{"embeddable":true,"href":"https:\/\/www.biennale.ch\/en\/wp-json\/wp\/v2\/users\/3"}],"replies":[{"embeddable":true,"href":"https:\/\/www.biennale.ch\/en\/wp-json\/wp\/v2\/comments?post=212"}],"version-history":[{"count":11,"href":"https:\/\/www.biennale.ch\/en\/wp-json\/wp\/v2\/pages\/212\/revisions"}],"predecessor-version":[{"id":1736,"href":"https:\/\/www.biennale.ch\/en\/wp-json\/wp\/v2\/pages\/212\/revisions\/1736"}],"wp:attachment":[{"href":"https:\/\/www.biennale.ch\/en\/wp-json\/wp\/v2\/media?parent=212"}],"curies":[{"name":"wp","href":"https:\/\/api.w.org\/{rel}","templated":true}]}}